{"id":677,"date":"2018-05-18T11:55:25","date_gmt":"2018-05-18T11:55:25","guid":{"rendered":"https:\/\/themedemo.commercegurus.com\/shoptimizer\/?post_type=product&#038;p=677"},"modified":"2025-12-05T15:03:16","modified_gmt":"2025-12-05T14:03:16","slug":"jacket-skinny-fit","status":"publish","type":"product","link":"https:\/\/sklep.genezja.pl\/index.php\/product\/jacket-skinny-fit\/","title":{"rendered":"Jacket skinny fit"},"content":{"rendered":"\n<div class=\"wp-block-columns are-vertically-aligned-center is-layout-flex wp-container-core-columns-is-layout-28f84493 wp-block-columns-is-layout-flex\">\n<div class=\"wp-block-column is-vertically-aligned-center is-layout-flow wp-block-column-is-layout-flow\">\n<p class=\"title has-text-color\" style=\"color:#131315\"><strong>100% Bawe\u0142ny<\/strong><\/p>\n\n\n\n<h2 class=\"wp-block-heading\">Elegancja<\/h2>\n\n\n\n<p>Podkre\u015bl swoj\u0105 sylwetk\u0119 dzi\u0119ki eleganckiej marynarce <strong>skinny fit<\/strong>, stworzonej z my\u015bl\u0105 o m\u0119\u017cczyznach ceni\u0105cych nowoczesny styl i perfekcyjne dopasowanie. Wykonana z wysokiej jako\u015bci, elastycznej tkaniny zapewnia komfort noszenia przez ca\u0142y dzie\u0144, jednocze\u015bnie zachowuj\u0105c nienagann\u0105 lini\u0119.<\/p>\n<\/div>\n\n\n\n<div class=\"wp-block-column is-vertically-aligned-center is-layout-flow wp-block-column-is-layout-flow\" style=\"flex-basis:60%\">\n<figure class=\"wp-block-image size-full\"><img fetchpriority=\"high\" decoding=\"async\" width=\"800\" height=\"800\" src=\"http:\/\/sklep.genezja.pl\/wp-content\/uploads\/2018\/05\/Multimedia-1.jpg\" alt=\"\" class=\"wp-image-7248\" srcset=\"https:\/\/sklep.genezja.pl\/wp-content\/uploads\/2018\/05\/Multimedia-1.jpg 800w, https:\/\/sklep.genezja.pl\/wp-content\/uploads\/2018\/05\/Multimedia-1-300x300.jpg 300w, https:\/\/sklep.genezja.pl\/wp-content\/uploads\/2018\/05\/Multimedia-1-150x150.jpg 150w, https:\/\/sklep.genezja.pl\/wp-content\/uploads\/2018\/05\/Multimedia-1-768x768.jpg 768w, https:\/\/sklep.genezja.pl\/wp-content\/uploads\/2018\/05\/Multimedia-1-441x441.jpg 441w, https:\/\/sklep.genezja.pl\/wp-content\/uploads\/2018\/05\/Multimedia-1-100x100.jpg 100w\" sizes=\"(max-width: 800px) 100vw, 800px\" \/><\/figure>\n\n\n\n<p><\/p>\n<\/div>\n<\/div>\n\n\n\n<div style=\"height:30px\" aria-hidden=\"true\" class=\"wp-block-spacer\"><\/div>\n\n\n\n<div class=\"wp-block-columns are-vertically-aligned-center is-layout-flex wp-container-core-columns-is-layout-28f84493 wp-block-columns-is-layout-flex\">\n<div class=\"wp-block-column is-vertically-aligned-center is-layout-flow wp-block-column-is-layout-flow\">\n<figure class=\"wp-block-image size-full\"><img decoding=\"async\" width=\"1024\" height=\"1024\" src=\"http:\/\/sklep.genezja.pl\/wp-content\/uploads\/2018\/05\/Multimedia-4.jpg\" alt=\"\" class=\"wp-image-7249\" srcset=\"https:\/\/sklep.genezja.pl\/wp-content\/uploads\/2018\/05\/Multimedia-4.jpg 1024w, https:\/\/sklep.genezja.pl\/wp-content\/uploads\/2018\/05\/Multimedia-4-300x300.jpg 300w, https:\/\/sklep.genezja.pl\/wp-content\/uploads\/2018\/05\/Multimedia-4-150x150.jpg 150w, https:\/\/sklep.genezja.pl\/wp-content\/uploads\/2018\/05\/Multimedia-4-768x768.jpg 768w, https:\/\/sklep.genezja.pl\/wp-content\/uploads\/2018\/05\/Multimedia-4-990x990.jpg 990w, https:\/\/sklep.genezja.pl\/wp-content\/uploads\/2018\/05\/Multimedia-4-441x441.jpg 441w, https:\/\/sklep.genezja.pl\/wp-content\/uploads\/2018\/05\/Multimedia-4-100x100.jpg 100w, https:\/\/sklep.genezja.pl\/wp-content\/uploads\/2018\/05\/Multimedia-4-800x800.jpg 800w\" sizes=\"(max-width: 1024px) 100vw, 1024px\" \/><\/figure>\n<\/div>\n\n\n\n<div class=\"wp-block-column is-vertically-aligned-center is-layout-flow wp-block-column-is-layout-flow\" style=\"flex-basis:40%\">\n<p class=\"title has-text-color\" style=\"color:#131315\"><strong>Ponadczasowo\u015b\u0107<\/strong><\/p>\n\n\n\n<h2 class=\"wp-block-heading\">Klasyka<\/h2>\n\n\n\n<p>Marynarka posiada klasyczne klapy, zapinanie na jeden rz\u0105d guzik\u00f3w oraz precyzyjnie skrojone r\u0119kawy, kt\u00f3re dodaj\u0105 ca\u0142o\u015bci dynamicznego charakteru. Subtelne detale \u2013 takie jak starannie wyko\u0144czone kieszenie i elegancka podszewka \u2013 podkre\u015blaj\u0105 jej wyj\u0105tkowy design.<\/p>\n<\/div>\n<\/div>\n\n\n\n<div style=\"height:30px\" aria-hidden=\"true\" class=\"wp-block-spacer\"><\/div>\n\n\n\n<div class=\"wp-block-columns are-vertically-aligned-center is-layout-flex wp-container-core-columns-is-layout-28f84493 wp-block-columns-is-layout-flex\">\n<div class=\"wp-block-column is-vertically-aligned-center is-layout-flow wp-block-column-is-layout-flow\">\n<p class=\"title has-text-color\" style=\"color:#131315\"><strong>Ekologia<\/strong><\/p>\n\n\n\n<h2 class=\"wp-block-heading\">W zgodzie z natur\u0105<\/h2>\n\n\n\n<p>Marynarka zosta\u0142a wykonana z wysokiej jako\u015bci materia\u0142\u00f3w o <strong>naturalnym sk\u0142adzie<\/strong>, kt\u00f3re zapewniaj\u0105 wyj\u0105tkowy komfort noszenia. W\u0142\u00f3kna takie jak <strong>bawe\u0142na<\/strong>, <strong>len<\/strong> czy <strong>wiskoza pochodzenia naturalnego<\/strong> sprawiaj\u0105, \u017ce tkanina jest przyjemna w dotyku, oddychaj\u0105ca i przyjazna dla sk\u00f3ry. Dzi\u0119ki temu marynarka doskonale sprawdza si\u0119 zar\u00f3wno w cieplejsze dni, jak i podczas intensywnego u\u017cytkowania.<\/p>\n<\/div>\n\n\n\n<div class=\"wp-block-column is-vertically-aligned-center is-layout-flow wp-block-column-is-layout-flow\" style=\"flex-basis:60%\">\n<figure class=\"wp-block-image size-large\"><img decoding=\"async\" width=\"683\" height=\"1024\" src=\"http:\/\/sklep.genezja.pl\/wp-content\/uploads\/2018\/05\/ggfhfg-683x1024.jpg\" alt=\"Jacket skinny fit\" class=\"wp-image-7246\" srcset=\"https:\/\/sklep.genezja.pl\/wp-content\/uploads\/2018\/05\/ggfhfg-683x1024.jpg 683w, https:\/\/sklep.genezja.pl\/wp-content\/uploads\/2018\/05\/ggfhfg-200x300.jpg 200w, https:\/\/sklep.genezja.pl\/wp-content\/uploads\/2018\/05\/ggfhfg-441x662.jpg 441w, https:\/\/sklep.genezja.pl\/wp-content\/uploads\/2018\/05\/ggfhfg-300x450.jpg 300w, https:\/\/sklep.genezja.pl\/wp-content\/uploads\/2018\/05\/ggfhfg-150x225.jpg 150w, https:\/\/sklep.genezja.pl\/wp-content\/uploads\/2018\/05\/ggfhfg.jpg 768w\" sizes=\"(max-width: 683px) 100vw, 683px\" \/><\/figure>\n\n\n\n<p><\/p>\n<\/div>\n<\/div>\n\n\n\n<div style=\"height:30px\" aria-hidden=\"true\" class=\"wp-block-spacer\"><\/div>\n\n\n\n<div class=\"wp-block-columns are-vertically-aligned-center is-layout-flex wp-container-core-columns-is-layout-28f84493 wp-block-columns-is-layout-flex\">\n<div class=\"wp-block-column is-vertically-aligned-center is-layout-flow wp-block-column-is-layout-flow\">\n<figure class=\"wp-block-image size-full\"><img loading=\"lazy\" decoding=\"async\" width=\"1024\" height=\"1024\" src=\"http:\/\/sklep.genezja.pl\/wp-content\/uploads\/2018\/05\/Multimedia-2.jpg\" alt=\"\" class=\"wp-image-7251\" srcset=\"https:\/\/sklep.genezja.pl\/wp-content\/uploads\/2018\/05\/Multimedia-2.jpg 1024w, https:\/\/sklep.genezja.pl\/wp-content\/uploads\/2018\/05\/Multimedia-2-300x300.jpg 300w, https:\/\/sklep.genezja.pl\/wp-content\/uploads\/2018\/05\/Multimedia-2-150x150.jpg 150w, https:\/\/sklep.genezja.pl\/wp-content\/uploads\/2018\/05\/Multimedia-2-768x768.jpg 768w, https:\/\/sklep.genezja.pl\/wp-content\/uploads\/2018\/05\/Multimedia-2-990x990.jpg 990w, https:\/\/sklep.genezja.pl\/wp-content\/uploads\/2018\/05\/Multimedia-2-441x441.jpg 441w, https:\/\/sklep.genezja.pl\/wp-content\/uploads\/2018\/05\/Multimedia-2-100x100.jpg 100w, https:\/\/sklep.genezja.pl\/wp-content\/uploads\/2018\/05\/Multimedia-2-800x800.jpg 800w\" sizes=\"(max-width: 1024px) 100vw, 1024px\" \/><\/figure>\n<\/div>\n\n\n\n<div class=\"wp-block-column is-vertically-aligned-center is-layout-flow wp-block-column-is-layout-flow\" style=\"flex-basis:40%\">\n<p class=\"title has-text-color\" style=\"color:#131315\"><strong>Materia\u0142 z recyklingu<\/strong><\/p>\n\n\n\n<h2 class=\"wp-block-heading\">\u015awiadomy wyb\u00f3r<\/h2>\n\n\n\n<p>Naturalne komponenty gwarantuj\u0105 r\u00f3wnie\u017c wi\u0119ksz\u0105 trwa\u0142o\u015b\u0107 oraz eleganck\u0105, matow\u0105 struktur\u0119 materia\u0142u, kt\u00f3ra prezentuje si\u0119 stylowo i ponadczasowo. To idealny wyb\u00f3r dla os\u00f3b, kt\u00f3re szukaj\u0105 po\u0142\u0105czenia elegancji, komfortu i \u015bwiadomych wybor\u00f3w zakupowych.<\/p>\n<\/div>\n<\/div>\n\n\n\n<div style=\"height:30px\" aria-hidden=\"true\" class=\"wp-block-spacer\"><\/div>\n\n\n\n<div class=\"wp-block-columns are-vertically-aligned-center is-layout-flex wp-container-core-columns-is-layout-28f84493 wp-block-columns-is-layout-flex\">\n<div class=\"wp-block-column is-vertically-aligned-center is-layout-flow wp-block-column-is-layout-flow\">\n<h2 class=\"wp-block-heading\">Uniwersalno\u015b\u0107<\/h2>\n\n\n\n<p>Idealna zar\u00f3wno do pracy, jak i na specjalne okazje. Doskonale komponuje si\u0119 z koszul\u0105, golfem lub T-shirtem, tworz\u0105c stylowy i uniwersalny zestaw.<\/p>\n<\/div>\n\n\n\n<div class=\"wp-block-column is-vertically-aligned-center is-layout-flow wp-block-column-is-layout-flow\" style=\"flex-basis:60%\">\n<figure class=\"wp-block-image size-full\"><img loading=\"lazy\" decoding=\"async\" width=\"1024\" height=\"1024\" src=\"http:\/\/sklep.genezja.pl\/wp-content\/uploads\/2018\/05\/Multimedia-5.jpg\" alt=\"\" class=\"wp-image-7253\" srcset=\"https:\/\/sklep.genezja.pl\/wp-content\/uploads\/2018\/05\/Multimedia-5.jpg 1024w, https:\/\/sklep.genezja.pl\/wp-content\/uploads\/2018\/05\/Multimedia-5-300x300.jpg 300w, https:\/\/sklep.genezja.pl\/wp-content\/uploads\/2018\/05\/Multimedia-5-150x150.jpg 150w, https:\/\/sklep.genezja.pl\/wp-content\/uploads\/2018\/05\/Multimedia-5-768x768.jpg 768w, https:\/\/sklep.genezja.pl\/wp-content\/uploads\/2018\/05\/Multimedia-5-990x990.jpg 990w, https:\/\/sklep.genezja.pl\/wp-content\/uploads\/2018\/05\/Multimedia-5-441x441.jpg 441w, https:\/\/sklep.genezja.pl\/wp-content\/uploads\/2018\/05\/Multimedia-5-100x100.jpg 100w, https:\/\/sklep.genezja.pl\/wp-content\/uploads\/2018\/05\/Multimedia-5-800x800.jpg 800w\" sizes=\"(max-width: 1024px) 100vw, 1024px\" \/><\/figure>\n\n\n\n<p><\/p>\n<\/div>\n<\/div>\n","protected":false},"excerpt":{"rendered":"<p>Hand crafted with seasonal style in mind, this is ideal for formal or casual wear whatever the occasion and is an ideal staple for any wardrobe.<\/p>\n","protected":false},"featured_media":7254,"comment_status":"open","ping_status":"closed","template":"","meta":{"_monsterinsights_skip_tracking":false,"_monsterinsights_sitenote_active":false,"_monsterinsights_sitenote_note":"","_monsterinsights_sitenote_category":0},"product_brand":[],"product_cat":[46],"product_tag":[36,38],"class_list":{"0":"post-677","1":"product","2":"type-product","3":"status-publish","4":"has-post-thumbnail","6":"product_cat-coats-jackets","7":"product_tag-sale","8":"product_tag-skinny","10":"first","11":"instock","12":"taxable","13":"shipping-taxable","14":"purchasable","15":"product-type-variable"},"aioseo_notices":[],"_links":{"self":[{"href":"https:\/\/sklep.genezja.pl\/index.php\/wp-json\/wp\/v2\/product\/677","targetHints":{"allow":["GET"]}}],"collection":[{"href":"https:\/\/sklep.genezja.pl\/index.php\/wp-json\/wp\/v2\/product"}],"about":[{"href":"https:\/\/sklep.genezja.pl\/index.php\/wp-json\/wp\/v2\/types\/product"}],"replies":[{"embeddable":true,"href":"https:\/\/sklep.genezja.pl\/index.php\/wp-json\/wp\/v2\/comments?post=677"}],"wp:featuredmedia":[{"embeddable":true,"href":"https:\/\/sklep.genezja.pl\/index.php\/wp-json\/wp\/v2\/media\/7254"}],"wp:attachment":[{"href":"https:\/\/sklep.genezja.pl\/index.php\/wp-json\/wp\/v2\/media?parent=677"}],"wp:term":[{"taxonomy":"product_brand","embeddable":true,"href":"https:\/\/sklep.genezja.pl\/index.php\/wp-json\/wp\/v2\/product_brand?post=677"},{"taxonomy":"product_cat","embeddable":true,"href":"https:\/\/sklep.genezja.pl\/index.php\/wp-json\/wp\/v2\/product_cat?post=677"},{"taxonomy":"product_tag","embeddable":true,"href":"https:\/\/sklep.genezja.pl\/index.php\/wp-json\/wp\/v2\/product_tag?post=677"}],"curies":[{"name":"wp","href":"https:\/\/api.w.org\/{rel}","templated":true}]}}